{"id":971,"date":"2025-03-19T11:11:01","date_gmt":"2025-03-19T10:11:01","guid":{"rendered":"https:\/\/www.mkprinting.nl\/erfrischungstuecher\/"},"modified":"2025-04-10T09:34:12","modified_gmt":"2025-04-10T07:34:12","slug":"erfrischungstuecher","status":"publish","type":"page","link":"https:\/\/www.mkprinting.nl\/de\/erfrischungstuecher\/","title":{"rendered":"Erfrischungst\u00fccher"},"content":{"rendered":"<p>[et_pb_section fb_built=&#8220;1&#8243; _builder_version=&#8220;4.27.4&#8243; _module_preset=&#8220;default&#8220; background_color=&#8220;#001e3f&#8220; custom_padding=&#8220;5vh|10vw|5vh|10vw|false|false&#8220; global_colors_info=&#8220;{}&#8220;][et_pb_row column_structure=&#8220;1_2,1_2&#8243; _builder_version=&#8220;4.27.4&#8243; _module_preset=&#8220;default&#8220; width=&#8220;100%&#8220; max_width=&#8220;100%&#8220; global_colors_info=&#8220;{}&#8220;][et_pb_column type=&#8220;1_2&#8243; _builder_version=&#8220;4.27.4&#8243; _module_preset=&#8220;default&#8220; global_colors_info=&#8220;{}&#8220;][et_pb_text _builder_version=&#8220;4.27.4&#8243; _module_preset=&#8220;default&#8220; background_layout=&#8220;dark&#8220; global_colors_info=&#8220;{}&#8220;]<\/p>\n<h1>Erfrischungst\u00fccher mit Ihrem eigenen Logo<\/h1>\n<p><\/p>\n<p>Im Gastgewerbe ist es unerl\u00e4sslich, Ihren G\u00e4sten ein optimales Erlebnis zu bieten. <strong>Erfrischungst\u00fccher<\/strong> spielen dabei eine wichtige Rolle, da sie eine schnelle und effektive M\u00f6glichkeit bieten, sich nach dem Essen die H\u00e4nde zu reinigen. Bei MK Printing stellen wir Erfrischungst\u00fccher her, die nicht nur funktional sind, sondern auch zum Gesamtbild Ihres Unternehmens beitragen.<\/p>\n<p>[\/et_pb_text][et_pb_button button_url=&#8220;@ET-DC@eyJkeW5hbWljIjp0cnVlLCJjb250ZW50IjoicG9zdF9saW5rX3VybF9wYWdlIiwic2V0dGluZ3MiOnsicG9zdF9pZCI6IjQ1NSJ9fQ==@&#8220; button_text=&#8220;Angebot anfordern&#8220; _builder_version=&#8220;4.27.4&#8243; _dynamic_attributes=&#8220;button_url&#8220; _module_preset=&#8220;default&#8220; custom_button=&#8220;on&#8220; button_text_size=&#8220;22px&#8220; hover_enabled=&#8220;0&#8243; global_colors_info=&#8220;{}&#8220; button_bg_color__hover_enabled=&#8220;on|hover&#8220; button_bg_color__hover=&#8220;#999999&#8243; button_bg_enable_color__hover=&#8220;on&#8220; sticky_enabled=&#8220;0&#8243;][\/et_pb_button][\/et_pb_column][et_pb_column type=&#8220;1_2&#8243; _builder_version=&#8220;4.27.4&#8243; _module_preset=&#8220;default&#8220; global_colors_info=&#8220;{}&#8220;][et_pb_blurb title=&#8220;Informationen zum Produkt&#8220; use_icon=&#8220;on&#8220; font_icon=&#8220;&#xf249;||fa||900&#8243; icon_color=&#8220;#AD9A62&#8243; icon_placement=&#8220;left&#8220; image_icon_width=&#8220;25px&#8220; content_max_width=&#8220;700px&#8220; _builder_version=&#8220;4.27.4&#8243; _module_preset=&#8220;default&#8220; header_level=&#8220;h3&#8243; header_text_color=&#8220;#F2F2F2&#8243; header_line_height=&#8220;0.5em&#8220; body_font=&#8220;||||||||&#8220; background_layout=&#8220;dark&#8220; custom_margin=&#8220;||25px||false|false&#8220; animation=&#8220;off&#8220; global_colors_info=&#8220;{}&#8220;]<\/p>\n<ul>\n<li>Verpackungsmaterial: Silberfolie<\/li>\n<li>Verpackungsgr\u00f6\u00dfe: 60mm x 150mm<\/li>\n<li>Serviettenmaterial: Airlaid 50g\/m2<\/li>\n<li>Offene Serviettengr\u00f6\u00dfe: 200mm x 200mm<\/li>\n<li>Geschlossene Serviettengr\u00f6\u00dfe: 50mm x 100mm<\/li>\n<li>Fl\u00fcssigkeit: 10ml, 30% Ethanol, \u00e4therisches \u00d6l und leichtes Parf\u00fcm (Zitrone)<\/li>\n<\/ul>\n<p>[\/et_pb_blurb][et_pb_blurb title=&#8220;Drucken&#8220; use_icon=&#8220;on&#8220; font_icon=&#8220;&#xf53f;||fa||900&#8243; icon_color=&#8220;#AD9A62&#8243; icon_placement=&#8220;left&#8220; image_icon_width=&#8220;25px&#8220; content_max_width=&#8220;700px&#8220; _builder_version=&#8220;4.27.4&#8243; _module_preset=&#8220;default&#8220; header_level=&#8220;h3&#8243; header_text_color=&#8220;#F2F2F2&#8243; header_line_height=&#8220;0.5em&#8220; body_font=&#8220;||||||||&#8220; background_layout=&#8220;dark&#8220; custom_margin=&#8220;||25px||false|false&#8220; animation=&#8220;off&#8220; global_colors_info=&#8220;{}&#8220;]<\/p>\n<p>1 oder 2 Farben.<\/p>\n<p>[\/et_pb_blurb][et_pb_blurb title=&#8220;Verringern&#8220; use_icon=&#8220;on&#8220; font_icon=&#8220;&#xf161;||fa||900&#8243; icon_color=&#8220;#AD9A62&#8243; icon_placement=&#8220;left&#8220; image_icon_width=&#8220;25px&#8220; content_max_width=&#8220;700px&#8220; _builder_version=&#8220;4.27.4&#8243; _module_preset=&#8220;default&#8220; header_level=&#8220;h3&#8243; header_text_color=&#8220;#F2F2F2&#8243; header_line_height=&#8220;0.5em&#8220; body_font=&#8220;||||||||&#8220; background_layout=&#8220;dark&#8220; custom_margin=&#8220;||25px||false|false&#8220; animation=&#8220;off&#8220; global_colors_info=&#8220;{}&#8220;]<\/p>\n<p>Mindestens 10.000 St\u00fcck ab Werk, verpackt pro 250 St\u00fcck, Lieferung frei Haus.<\/p>\n<p>[\/et_pb_blurb][et_pb_blurb title=&#8220;Lieferzeit&#8220; use_icon=&#8220;on&#8220; font_icon=&#8220;&#xf0d1;||fa||900&#8243; icon_color=&#8220;#AD9A62&#8243; icon_placement=&#8220;left&#8220; image_icon_width=&#8220;25px&#8220; content_max_width=&#8220;700px&#8220; _builder_version=&#8220;4.27.4&#8243; _module_preset=&#8220;default&#8220; header_level=&#8220;h3&#8243; header_text_color=&#8220;#F2F2F2&#8243; header_line_height=&#8220;0.5em&#8220; body_font=&#8220;||||||||&#8220; background_layout=&#8220;dark&#8220; custom_margin=&#8220;||25px||false|false&#8220; animation=&#8220;off&#8220; global_colors_info=&#8220;{}&#8220;]<\/p>\n<p>5-10 Werktage.<\/p>\n<p>[\/et_pb_blurb][\/et_pb_column][\/et_pb_row][\/et_pb_section][et_pb_section fb_built=&#8220;1&#8243; _builder_version=&#8220;4.27.4&#8243; _module_preset=&#8220;default&#8220; custom_padding=&#8220;5vh|10vw|5vh|10vw|false|false&#8220; global_colors_info=&#8220;{}&#8220;][et_pb_row column_structure=&#8220;1_2,1_2&#8243; _builder_version=&#8220;4.27.4&#8243; _module_preset=&#8220;default&#8220; width=&#8220;100%&#8220; max_width=&#8220;100%&#8220; global_colors_info=&#8220;{}&#8220;][et_pb_column type=&#8220;1_2&#8243; _builder_version=&#8220;4.27.4&#8243; _module_preset=&#8220;default&#8220; custom_padding_last_edited=&#8220;off|desktop&#8220; global_colors_info=&#8220;{}&#8220;][et_pb_image src=&#8220;https:\/\/www.mkprinting.nl\/wp-content\/uploads\/2025\/03\/vochtige-doekjes-bedrukken-301.jpg&#8220; title_text=&#8220;Erfrischungst\u00fccher handy wipe&#8220; show_in_lightbox=&#8220;on&#8220; _builder_version=&#8220;4.27.4&#8243; _module_preset=&#8220;default&#8220; border_radii=&#8220;on|10px|10px|10px|10px&#8220; box_shadow_style=&#8220;preset3&#8243; box_shadow_color=&#8220;rgba(0,0,0,0.2)&#8220; global_colors_info=&#8220;{}&#8220;][\/et_pb_image][\/et_pb_column][et_pb_column type=&#8220;1_2&#8243; _builder_version=&#8220;4.27.4&#8243; _module_preset=&#8220;default&#8220; custom_padding_last_edited=&#8220;off|desktop&#8220; global_colors_info=&#8220;{}&#8220;][et_pb_image src=&#8220;https:\/\/www.mkprinting.nl\/wp-content\/uploads\/2025\/03\/vochtige-doekjes-bedrukken-302.jpg&#8220; title_text=&#8220;Erfrischungst\u00fccher The Lobster House&#8220; show_in_lightbox=&#8220;on&#8220; _builder_version=&#8220;4.27.4&#8243; _module_preset=&#8220;default&#8220; border_radii=&#8220;on|10px|10px|10px|10px&#8220; box_shadow_style=&#8220;preset3&#8243; box_shadow_color=&#8220;rgba(0,0,0,0.2)&#8220; global_colors_info=&#8220;{}&#8220;][\/et_pb_image][\/et_pb_column][\/et_pb_row][et_pb_row _builder_version=&#8220;4.27.4&#8243; _module_preset=&#8220;default&#8220; width=&#8220;100%&#8220; max_width=&#8220;100%&#8220; global_colors_info=&#8220;{}&#8220;][et_pb_column type=&#8220;4_4&#8243; _builder_version=&#8220;4.27.4&#8243; _module_preset=&#8220;default&#8220; global_colors_info=&#8220;{}&#8220;][et_pb_button button_url=&#8220;@ET-DC@eyJkeW5hbWljIjp0cnVlLCJjb250ZW50IjoicG9zdF9saW5rX3VybF9wYWdlIiwic2V0dGluZ3MiOnsicG9zdF9pZCI6IjQ1NSJ9fQ==@&#8220; button_text=&#8220;Angebot anfordern&#8220; button_alignment=&#8220;center&#8220; _builder_version=&#8220;4.27.4&#8243; _dynamic_attributes=&#8220;button_url&#8220; _module_preset=&#8220;default&#8220; custom_button=&#8220;on&#8220; button_text_size=&#8220;22px&#8220; hover_enabled=&#8220;0&#8243; global_colors_info=&#8220;{}&#8220; sticky_enabled=&#8220;0&#8243;][\/et_pb_button][\/et_pb_column][\/et_pb_row][\/et_pb_section][et_pb_section fb_built=&#8220;1&#8243; _builder_version=&#8220;4.27.4&#8243; _module_preset=&#8220;default&#8220; background_enable_color=&#8220;off&#8220; custom_padding=&#8220;0px|10vw|5vh|10vw|false|false&#8220; locked=&#8220;off&#8220; global_colors_info=&#8220;{}&#8220;][et_pb_row column_structure=&#8220;1_2,1_2&#8243; _builder_version=&#8220;4.27.4&#8243; _module_preset=&#8220;default&#8220; width=&#8220;100%&#8220; max_width=&#8220;100%&#8220; global_colors_info=&#8220;{}&#8220;][et_pb_column type=&#8220;1_2&#8243; _builder_version=&#8220;4.27.4&#8243; _module_preset=&#8220;default&#8220; global_colors_info=&#8220;{}&#8220;][et_pb_text _builder_version=&#8220;4.27.4&#8243; _module_preset=&#8220;default&#8220; global_colors_info=&#8220;{}&#8220;]<\/p>\n<h2>Produktdetails und Spezifikationen<\/h2>\n<p><\/p>\n<p>Bei der Entwicklung unserer Erfrischungst\u00fccher haben wir besonderen Wert auf Qualit\u00e4t und einfache Handhabung gelegt:<\/p>\n<p><\/p>\n<ul>\n<li><strong>Verpackung:<\/strong> Jedes Tuch ist <strong>einzeln verpackt<\/strong> in einem Folienbeutel mit den Ma\u00dfen 60 mm x 150 mm, was ihm ein luxuri\u00f6ses Aussehen verleiht und dazu beitr\u00e4gt, die Feuchtigkeit zu bewahren.<\/li>\n<li><strong>Tuch:<\/strong> Hergestellt aus Airlaid-Material mit einem Gewicht von 50 g\/m\u00b2, mit einer Gr\u00f6\u00dfe von 200 mm x 200 mm (ge\u00f6ffnet) und 50 mm x 100 mm (geschlossen), wodurch es rei\u00dffest und saugf\u00e4hig ist.<\/li>\n<li><strong>Fl\u00fcssigkeit:<\/strong> Enth\u00e4lt 10 ml einer L\u00f6sung mit 30 % Ethanol und \u00e4therischem \u00d6l mit dezentem Zitronenduft f\u00fcr ein frisches und sauberes Gef\u00fchl.<\/li>\n<\/ul>\n<p><\/p>\n<h2>Personalisierung von Erfrischungst\u00fcchern<\/h2>\n<p><\/p>\n<p>Um Ihre Markenidentit\u00e4t zu st\u00e4rken, bieten wir Ihnen die M\u00f6glichkeit, die Verpackung der Erfrischungst\u00fccher bedrucken zu lassen:<\/p>\n<p><\/p>\n<ul>\n<li><strong>Druck:<\/strong> Wahlweise ein- oder zweifarbig, damit Ihr Logo oder Ihre Botschaft klar und stilvoll zur Geltung kommt.<\/li>\n<\/ul>\n<p><\/p>\n<h2>Bestellinformationen<\/h2>\n<p><\/p>\n<p>F\u00fcr Bestellungen gelten die folgenden Bedingungen:<\/p>\n<p><\/p>\n<ul>\n<li><strong>Mindestbestellmenge:<\/strong> 10.000 St\u00fcck, verpackt in Einheiten zu 250 St\u00fcck f\u00fcr einfache Verwendung und Lagerung.<\/li>\n<li><strong>Lieferzeit:<\/strong> Zwischen 5 und 10 Werktagen, sodass Sie Ihre personalisierten Erfrischungst\u00fccher schnell erhalten.<\/li>\n<\/ul>\n<p>[\/et_pb_text][\/et_pb_column][et_pb_column type=&#8220;1_2&#8243; _builder_version=&#8220;4.27.4&#8243; _module_preset=&#8220;default&#8220; global_colors_info=&#8220;{}&#8220;][et_pb_text _builder_version=&#8220;4.27.4&#8243; _module_preset=&#8220;default&#8220; hover_enabled=&#8220;0&#8243; global_colors_info=&#8220;{}&#8220; sticky_enabled=&#8220;0&#8243;]<\/p>\n<h2>Geeignet f\u00fcr verschiedene Gastronomiebetriebe<\/h2>\n<p><\/p>\n<p>Unsere Erfrischungst\u00fccher eignen ideal f\u00fcr eine Vielzahl von Gastronomiebetrieben, darunter:<\/p>\n<p><\/p>\n<ul>\n<li>\n<p>Restaurants<\/p>\n<\/li>\n<li>\n<p>Cafeterias<\/p>\n<\/li>\n<li>\n<p>Bistros<\/p>\n<\/li>\n<li>\n<p>Take-away-Restaurants<\/p>\n<\/li>\n<li>\n<p>Cateringunternehmen<\/p>\n<\/li>\n<\/ul>\n<p><\/p>\n<p>Wenn Sie Ihren G\u00e4sten Erfrischungst\u00fccher anbieten, erh\u00f6hen Sie nicht nur den Komfort und die Hygiene, sondern hinterlassen auch einen bleibenden Eindruck.<\/p>\n<p><\/p>\n<h2>Warum sollten Sie sich f\u00fcr MK Printing entscheiden?<\/h2>\n<p><\/p>\n<p>Als Spezialist f\u00fcr personalisierte Gastronomieprodukte bieten wir:<\/p>\n<p><\/p>\n<ul>\n<li><strong>Hohe Qualit\u00e4t:<\/strong> Unsere Produkte wurden sorgf\u00e4ltig ausgew\u00e4hlt und hergestellt, um den h\u00f6chsten Standards zu entsprechen.<\/li>\n<li><strong>Personalisierung:<\/strong> Wir helfen Ihnen gerne bei der Gestaltung und Umsetzung von Erfrischungst\u00fcchern, die perfekt zum Stil Ihres Unternehmens passen.<\/li>\n<li><strong>Schnelle Lieferung:<\/strong> Dank effizienter Produktionsprozesse k\u00f6nnen wir kurze Lieferzeiten garantieren.<\/li>\n<li><strong>Attraktive Preise:<\/strong> Wir bieten wettbewerbsf\u00e4hige Preise, ohne dabei Kompromisse bei der Qualit\u00e4t einzugehen.<\/li>\n<\/ul>\n<p><\/p>\n<p><a href=\"https:\/\/www.mkprinting.nl\/de\/kontakt\/\">Kontaktieren<\/a> Sie uns noch heute f\u00fcr weitere Informationen oder fordern Sie ein unverbindliches <a href=\"https:\/\/www.mkprinting.nl\/de\/angebot-anfordern\/\">Angebot<\/a> an. Unser Team ber\u00e4t und unterst\u00fctzt Sie gerne bei der Realisierung der perfekten Erfrischungst\u00fccher f\u00fcr Ihr Unternehmen.<\/p>\n<p>[\/et_pb_text][\/et_pb_column][\/et_pb_row][\/et_pb_section][et_pb_section fb_built=&#8220;1&#8243; custom_padding_last_edited=&#8220;on|desktop&#8220; module_class=&#8220;dh-valign-center-section&#8220; _builder_version=&#8220;4.27.4&#8243; _module_preset=&#8220;default&#8220; background_color=&#8220;rgba(0,0,0,0.6)&#8220; background_image=&#8220;https:\/\/www.mkprinting.nl\/wp-content\/uploads\/2025\/02\/mkprinting-header-home-01.jpg&#8220; parallax=&#8220;on&#8220; background_blend=&#8220;multiply&#8220; min_height=&#8220;400px&#8220; custom_padding=&#8220;10vh||10vh||false|false&#8220; custom_padding_tablet=&#8220;||||false|false&#8220; custom_padding_phone=&#8220;5vh||5vh||false|false&#8220; global_colors_info=&#8220;{}&#8220;][et_pb_row _builder_version=&#8220;4.27.4&#8243; _module_preset=&#8220;default&#8220; background_color=&#8220;rgba(0,30,63,0.7)&#8220; custom_margin=&#8220;0px||0px||false|false&#8220; custom_padding=&#8220;5vh||10px||false|false&#8220; border_radii=&#8220;off|20px|20px||&#8220; global_colors_info=&#8220;{}&#8220;][et_pb_column type=&#8220;4_4&#8243; _builder_version=&#8220;4.27.4&#8243; _module_preset=&#8220;default&#8220; global_colors_info=&#8220;{}&#8220;][et_pb_text _builder_version=&#8220;4.27.4&#8243; _module_preset=&#8220;default&#8220; text_orientation=&#8220;center&#8220; background_layout=&#8220;dark&#8220; header_2_font_size_last_edited=&#8220;off|desktop&#8220; header_2_text_shadow_style=&#8220;preset2&#8243; global_colors_info=&#8220;{}&#8220;]<\/p>\n<h2>MK Printing ist der ideale Partner f\u00fcr:<\/h2>\n<p>[\/et_pb_text][\/et_pb_column][\/et_pb_row][et_pb_row column_structure=&#8220;1_5,1_5,1_5,1_5,1_5&#8243; _builder_version=&#8220;4.27.4&#8243; _module_preset=&#8220;default&#8220; background_color=&#8220;rgba(0,30,63,0.7)&#8220; custom_margin=&#8220;0px||0px||false|false&#8220; custom_padding=&#8220;||5vh||false|false&#8220; border_radii=&#8220;off|||20px|20px&#8220; global_colors_info=&#8220;{}&#8220;][et_pb_column type=&#8220;1_5&#8243; _builder_version=&#8220;4.27.4&#8243; _module_preset=&#8220;default&#8220; global_colors_info=&#8220;{}&#8220;][et_pb_blurb title=&#8220;Restaurants&#8220; use_icon=&#8220;on&#8220; font_icon=&#8220;&#xf2e7;||fa||900&#8243; icon_color=&#8220;#D6CCB0&#8243; _builder_version=&#8220;4.27.4&#8243; _module_preset=&#8220;default&#8220; header_level=&#8220;h3&#8243; header_text_color=&#8220;#FFFFFF&#8220; header_font_size=&#8220;26px&#8220; text_orientation=&#8220;center&#8220; background_layout=&#8220;dark&#8220; animation=&#8220;off&#8220; global_colors_info=&#8220;{}&#8220;][\/et_pb_blurb][\/et_pb_column][et_pb_column type=&#8220;1_5&#8243; _builder_version=&#8220;4.27.4&#8243; _module_preset=&#8220;default&#8220; global_colors_info=&#8220;{}&#8220;][et_pb_blurb title=&#8220;Cafetarias&#8220; use_icon=&#8220;on&#8220; font_icon=&#8220;&#xf805;||fa||900&#8243; icon_color=&#8220;#D6CCB0&#8243; _builder_version=&#8220;4.27.4&#8243; _module_preset=&#8220;default&#8220; header_level=&#8220;h3&#8243; header_text_color=&#8220;#FFFFFF&#8220; header_font_size=&#8220;26px&#8220; text_orientation=&#8220;center&#8220; background_layout=&#8220;dark&#8220; animation=&#8220;off&#8220; global_colors_info=&#8220;{}&#8220;][\/et_pb_blurb][\/et_pb_column][et_pb_column type=&#8220;1_5&#8243; _builder_version=&#8220;4.27.4&#8243; _module_preset=&#8220;default&#8220; global_colors_info=&#8220;{}&#8220;][et_pb_blurb title=&#8220;Bistros&#8220; use_icon=&#8220;on&#8220; font_icon=&#8220;&#xf79f;||fa||900&#8243; icon_color=&#8220;#D6CCB0&#8243; _builder_version=&#8220;4.27.4&#8243; _module_preset=&#8220;default&#8220; header_level=&#8220;h3&#8243; header_text_color=&#8220;#FFFFFF&#8220; header_font_size=&#8220;26px&#8220; text_orientation=&#8220;center&#8220; background_layout=&#8220;dark&#8220; animation=&#8220;off&#8220; global_colors_info=&#8220;{}&#8220;][\/et_pb_blurb][\/et_pb_column][et_pb_column type=&#8220;1_5&#8243; _builder_version=&#8220;4.27.4&#8243; _module_preset=&#8220;default&#8220; global_colors_info=&#8220;{}&#8220;][et_pb_blurb title=&#8220;Take away&#039;s&#8220; use_icon=&#8220;on&#8220; font_icon=&#8220;&#xf54e;||fa||900&#8243; icon_color=&#8220;#D6CCB0&#8243; _builder_version=&#8220;4.27.4&#8243; _module_preset=&#8220;default&#8220; header_level=&#8220;h3&#8243; header_text_color=&#8220;#FFFFFF&#8220; header_font_size=&#8220;26px&#8220; text_orientation=&#8220;center&#8220; background_layout=&#8220;dark&#8220; animation=&#8220;off&#8220; global_colors_info=&#8220;{}&#8220;][\/et_pb_blurb][\/et_pb_column][et_pb_column type=&#8220;1_5&#8243; _builder_version=&#8220;4.27.4&#8243; _module_preset=&#8220;default&#8220; global_colors_info=&#8220;{}&#8220;][et_pb_blurb title=&#8220;Caterer&#8220; use_icon=&#8220;on&#8220; font_icon=&#8220;&#xf794;||fa||900&#8243; icon_color=&#8220;#D6CCB0&#8243; _builder_version=&#8220;4.27.4&#8243; _module_preset=&#8220;default&#8220; header_level=&#8220;h3&#8243; header_text_color=&#8220;#FFFFFF&#8220; header_font_size=&#8220;26px&#8220; text_orientation=&#8220;center&#8220; background_layout=&#8220;dark&#8220; animation=&#8220;off&#8220; global_colors_info=&#8220;{}&#8220;][\/et_pb_blurb][\/et_pb_column][\/et_pb_row][\/et_pb_section]<\/p>\n","protected":false},"excerpt":{"rendered":"<p>Erfrischungst\u00fccher mit Ihrem eigenen LogoIm Gastgewerbe ist es unerl\u00e4sslich, Ihren G\u00e4sten ein optimales Erlebnis zu bieten. Erfrischungst\u00fccher spielen dabei eine wichtige Rolle, da sie eine schnelle und effektive M\u00f6glichkeit bieten, sich nach dem Essen die H\u00e4nde zu reinigen. Bei MK Printing stellen wir Erfrischungst\u00fccher her, die nicht nur funktional sind, sondern auch zum Gesamtbild Ihres [&hellip;]<\/p>\n","protected":false},"author":2,"featured_media":0,"parent":0,"menu_order":0,"comment_status":"closed","ping_status":"closed","template":"","meta":{"_et_pb_use_builder":"on","_et_pb_old_content":"","_et_gb_content_width":"","footnotes":""},"class_list":["post-971","page","type-page","status-publish","hentry"],"yoast_head":"<!-- This site is optimized with the Yoast SEO plugin v27.5 - https:\/\/yoast.com\/product\/yoast-seo-wordpress\/ -->\n<title>Erfrischungst\u00fccher mit Logo und separat verpackt | MK Printing<\/title>\n<meta name=\"description\" content=\"Lassen Sie Erfrischungst\u00fccher mit Ihrem Logo bedrucken, um f\u00fcr zus\u00e4tzliche Hygiene und einen besseren Markenauftritt zu sorgen. Individuell verpackt, schnelle Lieferung, ab 10.000 St\u00fcck.\" \/>\n<meta name=\"robots\" content=\"index, follow, max-snippet:-1, max-image-preview:large, max-video-preview:-1\" \/>\n<link rel=\"canonical\" href=\"https:\/\/www.mkprinting.nl\/de\/erfrischungstuecher\/\" \/>\n<meta property=\"og:locale\" content=\"de_DE\" \/>\n<meta property=\"og:type\" content=\"article\" \/>\n<meta property=\"og:title\" content=\"Erfrischungst\u00fccher mit Logo und separat verpackt | MK Printing\" \/>\n<meta property=\"og:description\" content=\"Lassen Sie Erfrischungst\u00fccher mit Ihrem Logo bedrucken, um f\u00fcr zus\u00e4tzliche Hygiene und einen besseren Markenauftritt zu sorgen. Individuell verpackt, schnelle Lieferung, ab 10.000 St\u00fcck.\" \/>\n<meta property=\"og:url\" content=\"https:\/\/www.mkprinting.nl\/de\/erfrischungstuecher\/\" \/>\n<meta property=\"og:site_name\" content=\"MK Printing\" \/>\n<meta property=\"article:modified_time\" content=\"2025-04-10T07:34:12+00:00\" \/>\n<meta name=\"twitter:card\" content=\"summary_large_image\" \/>\n<meta name=\"twitter:label1\" content=\"Gesch\u00e4tzte Lesezeit\" \/>\n\t<meta name=\"twitter:data1\" content=\"9\u00a0Minuten\" \/>\n<script type=\"application\/ld+json\" class=\"yoast-schema-graph\">{\"@context\":\"https:\\\/\\\/schema.org\",\"@graph\":[{\"@type\":\"WebPage\",\"@id\":\"https:\\\/\\\/www.mkprinting.nl\\\/de\\\/erfrischungstuecher\\\/\",\"url\":\"https:\\\/\\\/www.mkprinting.nl\\\/de\\\/erfrischungstuecher\\\/\",\"name\":\"Erfrischungst\u00fccher mit Logo und separat verpackt | MK Printing\",\"isPartOf\":{\"@id\":\"https:\\\/\\\/www.mkprinting.nl\\\/de\\\/#website\"},\"datePublished\":\"2025-03-19T10:11:01+00:00\",\"dateModified\":\"2025-04-10T07:34:12+00:00\",\"description\":\"Lassen Sie Erfrischungst\u00fccher mit Ihrem Logo bedrucken, um f\u00fcr zus\u00e4tzliche Hygiene und einen besseren Markenauftritt zu sorgen. Individuell verpackt, schnelle Lieferung, ab 10.000 St\u00fcck.\",\"breadcrumb\":{\"@id\":\"https:\\\/\\\/www.mkprinting.nl\\\/de\\\/erfrischungstuecher\\\/#breadcrumb\"},\"inLanguage\":\"de\",\"potentialAction\":[{\"@type\":\"ReadAction\",\"target\":[\"https:\\\/\\\/www.mkprinting.nl\\\/de\\\/erfrischungstuecher\\\/\"]}]},{\"@type\":\"BreadcrumbList\",\"@id\":\"https:\\\/\\\/www.mkprinting.nl\\\/de\\\/erfrischungstuecher\\\/#breadcrumb\",\"itemListElement\":[{\"@type\":\"ListItem\",\"position\":1,\"name\":\"Home\",\"item\":\"https:\\\/\\\/www.mkprinting.nl\\\/de\\\/\"},{\"@type\":\"ListItem\",\"position\":2,\"name\":\"Erfrischungst\u00fccher\"}]},{\"@type\":\"WebSite\",\"@id\":\"https:\\\/\\\/www.mkprinting.nl\\\/de\\\/#website\",\"url\":\"https:\\\/\\\/www.mkprinting.nl\\\/de\\\/\",\"name\":\"MK Printing\",\"description\":\"Specialist in bedrukte bestekzakjes en pochettes uit Ede\",\"publisher\":{\"@id\":\"https:\\\/\\\/www.mkprinting.nl\\\/de\\\/#organization\"},\"potentialAction\":[{\"@type\":\"SearchAction\",\"target\":{\"@type\":\"EntryPoint\",\"urlTemplate\":\"https:\\\/\\\/www.mkprinting.nl\\\/de\\\/?s={search_term_string}\"},\"query-input\":{\"@type\":\"PropertyValueSpecification\",\"valueRequired\":true,\"valueName\":\"search_term_string\"}}],\"inLanguage\":\"de\"},{\"@type\":\"Organization\",\"@id\":\"https:\\\/\\\/www.mkprinting.nl\\\/de\\\/#organization\",\"name\":\"MK Printing\",\"url\":\"https:\\\/\\\/www.mkprinting.nl\\\/de\\\/\",\"logo\":{\"@type\":\"ImageObject\",\"inLanguage\":\"de\",\"@id\":\"https:\\\/\\\/www.mkprinting.nl\\\/de\\\/#\\\/schema\\\/logo\\\/image\\\/\",\"url\":\"https:\\\/\\\/www.mkprinting.nl\\\/wp-content\\\/uploads\\\/2025\\\/02\\\/mkprinting-2025-weblogo-v2.png\",\"contentUrl\":\"https:\\\/\\\/www.mkprinting.nl\\\/wp-content\\\/uploads\\\/2025\\\/02\\\/mkprinting-2025-weblogo-v2.png\",\"width\":600,\"height\":520,\"caption\":\"MK Printing\"},\"image\":{\"@id\":\"https:\\\/\\\/www.mkprinting.nl\\\/de\\\/#\\\/schema\\\/logo\\\/image\\\/\"}}]}<\/script>\n<!-- \/ Yoast SEO plugin. -->","yoast_head_json":{"title":"Erfrischungst\u00fccher mit Logo und separat verpackt | MK Printing","description":"Lassen Sie Erfrischungst\u00fccher mit Ihrem Logo bedrucken, um f\u00fcr zus\u00e4tzliche Hygiene und einen besseren Markenauftritt zu sorgen. Individuell verpackt, schnelle Lieferung, ab 10.000 St\u00fcck.","robots":{"index":"index","follow":"follow","max-snippet":"max-snippet:-1","max-image-preview":"max-image-preview:large","max-video-preview":"max-video-preview:-1"},"canonical":"https:\/\/www.mkprinting.nl\/de\/erfrischungstuecher\/","og_locale":"de_DE","og_type":"article","og_title":"Erfrischungst\u00fccher mit Logo und separat verpackt | MK Printing","og_description":"Lassen Sie Erfrischungst\u00fccher mit Ihrem Logo bedrucken, um f\u00fcr zus\u00e4tzliche Hygiene und einen besseren Markenauftritt zu sorgen. Individuell verpackt, schnelle Lieferung, ab 10.000 St\u00fcck.","og_url":"https:\/\/www.mkprinting.nl\/de\/erfrischungstuecher\/","og_site_name":"MK Printing","article_modified_time":"2025-04-10T07:34:12+00:00","twitter_card":"summary_large_image","twitter_misc":{"Gesch\u00e4tzte Lesezeit":"9\u00a0Minuten"},"schema":{"@context":"https:\/\/schema.org","@graph":[{"@type":"WebPage","@id":"https:\/\/www.mkprinting.nl\/de\/erfrischungstuecher\/","url":"https:\/\/www.mkprinting.nl\/de\/erfrischungstuecher\/","name":"Erfrischungst\u00fccher mit Logo und separat verpackt | MK Printing","isPartOf":{"@id":"https:\/\/www.mkprinting.nl\/de\/#website"},"datePublished":"2025-03-19T10:11:01+00:00","dateModified":"2025-04-10T07:34:12+00:00","description":"Lassen Sie Erfrischungst\u00fccher mit Ihrem Logo bedrucken, um f\u00fcr zus\u00e4tzliche Hygiene und einen besseren Markenauftritt zu sorgen. Individuell verpackt, schnelle Lieferung, ab 10.000 St\u00fcck.","breadcrumb":{"@id":"https:\/\/www.mkprinting.nl\/de\/erfrischungstuecher\/#breadcrumb"},"inLanguage":"de","potentialAction":[{"@type":"ReadAction","target":["https:\/\/www.mkprinting.nl\/de\/erfrischungstuecher\/"]}]},{"@type":"BreadcrumbList","@id":"https:\/\/www.mkprinting.nl\/de\/erfrischungstuecher\/#breadcrumb","itemListElement":[{"@type":"ListItem","position":1,"name":"Home","item":"https:\/\/www.mkprinting.nl\/de\/"},{"@type":"ListItem","position":2,"name":"Erfrischungst\u00fccher"}]},{"@type":"WebSite","@id":"https:\/\/www.mkprinting.nl\/de\/#website","url":"https:\/\/www.mkprinting.nl\/de\/","name":"MK Printing","description":"Specialist in bedrukte bestekzakjes en pochettes uit Ede","publisher":{"@id":"https:\/\/www.mkprinting.nl\/de\/#organization"},"potentialAction":[{"@type":"SearchAction","target":{"@type":"EntryPoint","urlTemplate":"https:\/\/www.mkprinting.nl\/de\/?s={search_term_string}"},"query-input":{"@type":"PropertyValueSpecification","valueRequired":true,"valueName":"search_term_string"}}],"inLanguage":"de"},{"@type":"Organization","@id":"https:\/\/www.mkprinting.nl\/de\/#organization","name":"MK Printing","url":"https:\/\/www.mkprinting.nl\/de\/","logo":{"@type":"ImageObject","inLanguage":"de","@id":"https:\/\/www.mkprinting.nl\/de\/#\/schema\/logo\/image\/","url":"https:\/\/www.mkprinting.nl\/wp-content\/uploads\/2025\/02\/mkprinting-2025-weblogo-v2.png","contentUrl":"https:\/\/www.mkprinting.nl\/wp-content\/uploads\/2025\/02\/mkprinting-2025-weblogo-v2.png","width":600,"height":520,"caption":"MK Printing"},"image":{"@id":"https:\/\/www.mkprinting.nl\/de\/#\/schema\/logo\/image\/"}}]}},"_links":{"self":[{"href":"https:\/\/www.mkprinting.nl\/de\/wp-json\/wp\/v2\/pages\/971","targetHints":{"allow":["GET"]}}],"collection":[{"href":"https:\/\/www.mkprinting.nl\/de\/wp-json\/wp\/v2\/pages"}],"about":[{"href":"https:\/\/www.mkprinting.nl\/de\/wp-json\/wp\/v2\/types\/page"}],"author":[{"embeddable":true,"href":"https:\/\/www.mkprinting.nl\/de\/wp-json\/wp\/v2\/users\/2"}],"replies":[{"embeddable":true,"href":"https:\/\/www.mkprinting.nl\/de\/wp-json\/wp\/v2\/comments?post=971"}],"version-history":[{"count":0,"href":"https:\/\/www.mkprinting.nl\/de\/wp-json\/wp\/v2\/pages\/971\/revisions"}],"wp:attachment":[{"href":"https:\/\/www.mkprinting.nl\/de\/wp-json\/wp\/v2\/media?parent=971"}],"curies":[{"name":"wp","href":"https:\/\/api.w.org\/{rel}","templated":true}]}}