{"id":959,"date":"2025-03-19T10:52:24","date_gmt":"2025-03-19T09:52:24","guid":{"rendered":"https:\/\/www.mkprinting.nl\/servietten-bedrucken\/"},"modified":"2025-04-18T10:25:14","modified_gmt":"2025-04-18T08:25:14","slug":"servietten-bedrucken","status":"publish","type":"page","link":"https:\/\/www.mkprinting.nl\/de\/servietten-bedrucken\/","title":{"rendered":"Servietten bedrucken"},"content":{"rendered":"<p>[et_pb_section fb_built=&#8220;1&#8243; _builder_version=&#8220;4.27.4&#8243; _module_preset=&#8220;default&#8220; background_color=&#8220;#001e3f&#8220; custom_padding=&#8220;5vh|10vw|5vh|10vw|false|false&#8220; global_colors_info=&#8220;{}&#8220;][et_pb_row column_structure=&#8220;1_2,1_2&#8243; _builder_version=&#8220;4.27.4&#8243; _module_preset=&#8220;default&#8220; width=&#8220;100%&#8220; max_width=&#8220;100%&#8220; global_colors_info=&#8220;{}&#8220;][et_pb_column type=&#8220;1_2&#8243; _builder_version=&#8220;4.27.4&#8243; _module_preset=&#8220;default&#8220; global_colors_info=&#8220;{}&#8220;][et_pb_text _builder_version=&#8220;4.27.4&#8243; _module_preset=&#8220;default&#8220; background_layout=&#8220;dark&#8220; global_colors_info=&#8220;{}&#8220;]<\/p>\n<h1>Servietten mit Ihrem Logo oder Text bedrucken<\/h1>\n<p><\/p>\n<p>M\u00f6chten Sie Ihrem Gastronomiebetrieb oder Ihrer Veranstaltung einen professionellen und pers\u00f6nlichen Look verleihen? Bei MK Printing bieten wir Ihnen die M\u00f6glichkeit, <strong>Servietten mit Ihrem eigenen Logo oder Design zu bedrucken<\/strong>. Dies tr\u00e4gt nicht nur zu einem einladend gedeckten Tisch bei, sondern st\u00e4rkt auch die Wiedererkennbarkeit Ihrer Marke bei Ihren G\u00e4sten.<\/p>\n<p><\/p>\n<p><strong>Auch als <a href=\"https:\/\/www.mkprinting.nl\/bestek-servetten-in-diverse-kleuren-mk-printing\/\">Standardvariante<\/a> ohne Druck erh\u00e4ltlich.<\/strong><\/p>\n<p>[\/et_pb_text][et_pb_button button_url=&#8220;@ET-DC@eyJkeW5hbWljIjp0cnVlLCJjb250ZW50IjoicG9zdF9saW5rX3VybF9wYWdlIiwic2V0dGluZ3MiOnsicG9zdF9pZCI6IjQ1NSJ9fQ==@&#8220; button_text=&#8220;Angebot anfordern&#8220; _builder_version=&#8220;4.27.4&#8243; _dynamic_attributes=&#8220;button_url&#8220; _module_preset=&#8220;default&#8220; custom_button=&#8220;on&#8220; button_text_size=&#8220;22px&#8220; global_colors_info=&#8220;{}&#8220; button_bg_color__hover_enabled=&#8220;on|hover&#8220; button_bg_color__hover=&#8220;#999999&#8243; button_bg_enable_color__hover=&#8220;on&#8220;][\/et_pb_button][\/et_pb_column][et_pb_column type=&#8220;1_2&#8243; _builder_version=&#8220;4.27.4&#8243; _module_preset=&#8220;default&#8220; global_colors_info=&#8220;{}&#8220;][et_pb_blurb title=&#8220;Umsetzung&#8220; use_icon=&#8220;on&#8220; font_icon=&#8220;&#xf53f;||fa||900&#8243; icon_color=&#8220;#AD9A62&#8243; icon_placement=&#8220;left&#8220; image_icon_width=&#8220;25px&#8220; content_max_width=&#8220;700px&#8220; _builder_version=&#8220;4.27.4&#8243; _module_preset=&#8220;default&#8220; header_level=&#8220;h3&#8243; header_text_color=&#8220;#F2F2F2&#8243; header_line_height=&#8220;0.5em&#8220; body_font=&#8220;||||||||&#8220; background_layout=&#8220;dark&#8220; custom_margin=&#8220;||25px||false|false&#8220; animation=&#8220;off&#8220; global_colors_info=&#8220;{}&#8220;]<\/p>\n<p>Airlaid- und Gewebeservietten.<\/p>\n<p>[\/et_pb_blurb][et_pb_blurb title=&#8220;Format&#8220; use_icon=&#8220;on&#8220; font_icon=&#8220;&#xf249;||fa||900&#8243; icon_color=&#8220;#AD9A62&#8243; icon_placement=&#8220;left&#8220; image_icon_width=&#8220;25px&#8220; content_max_width=&#8220;700px&#8220; _builder_version=&#8220;4.27.4&#8243; _module_preset=&#8220;default&#8220; header_level=&#8220;h3&#8243; header_text_color=&#8220;#F2F2F2&#8243; header_line_height=&#8220;0.5em&#8220; body_font=&#8220;||||||||&#8220; background_layout=&#8220;dark&#8220; custom_margin=&#8220;||25px||false|false&#8220; animation=&#8220;off&#8220; global_colors_info=&#8220;{}&#8220;]<\/p>\n<p>Formate von 10 x 10 cm bis 48 x 40 cm.<\/p>\n<p>[\/et_pb_blurb][et_pb_blurb title=&#8220;Lieferzeit&#8220; use_icon=&#8220;on&#8220; font_icon=&#8220;&#xf0d1;||fa||900&#8243; icon_color=&#8220;#AD9A62&#8243; icon_placement=&#8220;left&#8220; image_icon_width=&#8220;25px&#8220; content_max_width=&#8220;700px&#8220; _builder_version=&#8220;4.27.4&#8243; _module_preset=&#8220;default&#8220; header_level=&#8220;h3&#8243; header_text_color=&#8220;#F2F2F2&#8243; header_line_height=&#8220;0.5em&#8220; body_font=&#8220;||||||||&#8220; background_layout=&#8220;dark&#8220; custom_margin=&#8220;||25px||false|false&#8220; animation=&#8220;off&#8220; global_colors_info=&#8220;{}&#8220;]<\/p>\n<p>5-7 Wochen.<\/p>\n<p>[\/et_pb_blurb][\/et_pb_column][\/et_pb_row][\/et_pb_section][et_pb_section fb_built=&#8220;1&#8243; _builder_version=&#8220;4.27.4&#8243; _module_preset=&#8220;default&#8220; custom_padding=&#8220;5vh|10vw|5vh|10vw|false|false&#8220; global_colors_info=&#8220;{}&#8220;][et_pb_row column_structure=&#8220;1_4,1_4,1_4,1_4&#8243; _builder_version=&#8220;4.27.4&#8243; _module_preset=&#8220;default&#8220; width=&#8220;100%&#8220; max_width=&#8220;100%&#8220; global_colors_info=&#8220;{}&#8220;][et_pb_column type=&#8220;1_4&#8243; _builder_version=&#8220;4.27.4&#8243; _module_preset=&#8220;default&#8220; custom_padding_last_edited=&#8220;off|desktop&#8220; global_colors_info=&#8220;{}&#8220;][et_pb_image src=&#8220;https:\/\/www.mkprinting.nl\/wp-content\/uploads\/2025\/03\/bestekservetten-bedrukken-307.jpg&#8220; title_text=&#8220;Servietten Zeldzaam&#8220; show_in_lightbox=&#8220;on&#8220; _builder_version=&#8220;4.27.4&#8243; _module_preset=&#8220;default&#8220; hover_enabled=&#8220;0&#8243; border_radii=&#8220;on|10px|10px|10px|10px&#8220; box_shadow_style=&#8220;preset3&#8243; box_shadow_color=&#8220;rgba(0,0,0,0.2)&#8220; global_colors_info=&#8220;{}&#8220; alt=&#8220;Servietten bedrucken &#8211; MK Printing&#8220; sticky_enabled=&#8220;0&#8243;][\/et_pb_image][\/et_pb_column][et_pb_column type=&#8220;1_4&#8243; _builder_version=&#8220;4.27.4&#8243; _module_preset=&#8220;default&#8220; custom_padding_last_edited=&#8220;off|desktop&#8220; global_colors_info=&#8220;{}&#8220;][et_pb_image src=&#8220;https:\/\/www.mkprinting.nl\/wp-content\/uploads\/2025\/03\/bestekservetten-bedrukken-306.jpg&#8220; title_text=&#8220;Servietten Woodz&#8220; show_in_lightbox=&#8220;on&#8220; _builder_version=&#8220;4.27.4&#8243; _module_preset=&#8220;default&#8220; hover_enabled=&#8220;0&#8243; border_radii=&#8220;on|10px|10px|10px|10px&#8220; box_shadow_style=&#8220;preset3&#8243; box_shadow_color=&#8220;rgba(0,0,0,0.2)&#8220; global_colors_info=&#8220;{}&#8220; alt=&#8220;Servietten bedrucken &#8211; MK Printing&#8220; sticky_enabled=&#8220;0&#8243;][\/et_pb_image][\/et_pb_column][et_pb_column type=&#8220;1_4&#8243; _builder_version=&#8220;4.27.4&#8243; _module_preset=&#8220;default&#8220; custom_padding_last_edited=&#8220;off|desktop&#8220; global_colors_info=&#8220;{}&#8220;][et_pb_image src=&#8220;https:\/\/www.mkprinting.nl\/wp-content\/uploads\/2025\/03\/bestekservetten-bedrukken-301.jpg&#8220; title_text=&#8220;Servietten Point de vue&#8220; show_in_lightbox=&#8220;on&#8220; _builder_version=&#8220;4.27.4&#8243; _module_preset=&#8220;default&#8220; hover_enabled=&#8220;0&#8243; border_radii=&#8220;on|10px|10px|10px|10px&#8220; box_shadow_style=&#8220;preset3&#8243; box_shadow_color=&#8220;rgba(0,0,0,0.2)&#8220; global_colors_info=&#8220;{}&#8220; alt=&#8220;Servietten bedrucken &#8211; MK Printing&#8220; sticky_enabled=&#8220;0&#8243;][\/et_pb_image][\/et_pb_column][et_pb_column type=&#8220;1_4&#8243; _builder_version=&#8220;4.27.4&#8243; _module_preset=&#8220;default&#8220; custom_padding_last_edited=&#8220;off|desktop&#8220; global_colors_info=&#8220;{}&#8220;][\/et_pb_column][\/et_pb_row][et_pb_row _builder_version=&#8220;4.27.4&#8243; _module_preset=&#8220;default&#8220; width=&#8220;100%&#8220; max_width=&#8220;100%&#8220; global_colors_info=&#8220;{}&#8220;][et_pb_column type=&#8220;4_4&#8243; _builder_version=&#8220;4.27.4&#8243; _module_preset=&#8220;default&#8220; global_colors_info=&#8220;{}&#8220;][et_pb_button button_url=&#8220;@ET-DC@eyJkeW5hbWljIjp0cnVlLCJjb250ZW50IjoicG9zdF9saW5rX3VybF9wYWdlIiwic2V0dGluZ3MiOnsicG9zdF9pZCI6IjQ1NSJ9fQ==@&#8220; button_text=&#8220;Angebot anfordern&#8220; button_alignment=&#8220;center&#8220; _builder_version=&#8220;4.27.4&#8243; _dynamic_attributes=&#8220;button_url&#8220; _module_preset=&#8220;default&#8220; custom_button=&#8220;on&#8220; button_text_size=&#8220;22px&#8220; global_colors_info=&#8220;{}&#8220;][\/et_pb_button][\/et_pb_column][\/et_pb_row][\/et_pb_section][et_pb_section fb_built=&#8220;1&#8243; _builder_version=&#8220;4.27.4&#8243; _module_preset=&#8220;default&#8220; background_enable_color=&#8220;off&#8220; custom_padding=&#8220;0px|10vw|5vh|10vw|false|false&#8220; locked=&#8220;off&#8220; global_colors_info=&#8220;{}&#8220;][et_pb_row column_structure=&#8220;1_2,1_2&#8243; _builder_version=&#8220;4.27.4&#8243; _module_preset=&#8220;default&#8220; width=&#8220;100%&#8220; max_width=&#8220;100%&#8220; global_colors_info=&#8220;{}&#8220;][et_pb_column type=&#8220;1_2&#8243; _builder_version=&#8220;4.27.4&#8243; _module_preset=&#8220;default&#8220; global_colors_info=&#8220;{}&#8220;][et_pb_text _builder_version=&#8220;4.27.4&#8243; _module_preset=&#8220;default&#8220; global_colors_info=&#8220;{}&#8220;]<\/p>\n<h2>Hochwertige Servietten f\u00fcr verschiedene Anwendungen<\/h2>\n<p><\/p>\n<p>Unsere Servietten sind aus hochwertigem Material gefertigt und eignen sich f\u00fcr eine Vielzahl von Anwendungen im Gastgewerbe sowie im Catering-Bereich. Ob schickes Dinner, informelles Mittagessen oder Gro\u00dfveranstaltung \u2013 unsere bedruckten Servietten verleihen dem Erlebnis Ihrer G\u00e4ste eine zus\u00e4tzliche Dimension.<\/p>\n<p><\/p>\n<p><strong>Merkmale unserer bedruckten Servietten:<\/strong><\/p>\n<p><\/p>\n<ul>\n<li><strong>Material:<\/strong> Hochwertiges Papier mit einer weichen und rei\u00dffesten Struktur.<\/li>\n<li><strong>Gr\u00f6\u00dfen:<\/strong> In verschiedenen Gr\u00f6\u00dfen erh\u00e4ltlich, je nach Ihren spezifischen Bed\u00fcrfnissen.<\/li>\n<li><strong>Druck:<\/strong> Vollfarbdruck mit Ihrem eigenen Logo oder Design m\u00f6glich.<\/li>\n<li><strong>Bestellmenge:<\/strong> Flexible Bestellmengen, die sowohl auf geringe als auch auf hohe St\u00fcckzahlen zugeschnitten sind.<\/li>\n<li><strong>Lieferzeit:<\/strong> Schnelle und zuverl\u00e4ssige Lieferung innerhalb des vereinbarten Zeitrahmens.<\/li>\n<\/ul>\n<p><\/p>\n<h2>Warum sollten Sie sich f\u00fcr Servietten mit Ihrem Logo entscheiden?<\/h2>\n<p><\/p>\n<ul>\n<li>Markenst\u00e4rkung: Wenn Sie die Servietten mit Ihrem Logo bedrucken lassen, erh\u00f6ht dies die Sichtbarkeit und Wiedererkennbarkeit Ihrer Marke.<\/li>\n<li>Professioneller Auftritt: Personalisierte Servietten tragen zu einer gepflegten und professionellen Tischpr\u00e4sentation bei.<\/li>\n<li>Einzigartiges Erlebnis: Eine pers\u00f6nliche Note auf den Servietten steigert das Erlebnis und f\u00f6rdert die Wertsch\u00e4tzung Ihrer G\u00e4ste.<\/li>\n<\/ul>\n<p>[\/et_pb_text][\/et_pb_column][et_pb_column type=&#8220;1_2&#8243; _builder_version=&#8220;4.27.4&#8243; _module_preset=&#8220;default&#8220; global_colors_info=&#8220;{}&#8220;][et_pb_text _builder_version=&#8220;4.27.4&#8243; _module_preset=&#8220;default&#8220; global_colors_info=&#8220;{}&#8220;]<\/p>\n<h2>Geeignet f\u00fcr verschiedene Gastronomiebetriebe<\/h2>\n<p><\/p>\n<p>Unsere bedruckten Servietten eignen sich ideal f\u00fcr eine Vielzahl von Gastronomiebetrieben und Veranstaltungen, darunter:<\/p>\n<p><\/p>\n<ul>\n<li>Restaurants<\/li>\n<li>Caf\u00e9s<\/li>\n<li>Hotels<\/li>\n<li>Cateringunternehmen<\/li>\n<li>Betriebskantinen<\/li>\n<li>Events und Festivals<\/li>\n<\/ul>\n<p><\/p>\n<h2>Nachhaltigkeit und Qualit\u00e4t garantiert<\/h2>\n<p><\/p>\n<p>Bei MK Printing legen wir gro\u00dfen Wert auf Nachhaltigkeit und Qualit\u00e4t. Unsere Servietten werden unter Verwendung umweltfreundlicher Materialien und Verfahren hergestellt, sodass Sie sich nicht nur f\u00fcr ein stilvolles Produkt entscheiden, sondern auch eine verantwortungsvolle, umweltfreundliche Wahl treffen.<\/p>\n<p><\/p>\n<h2>Bestellen Sie Ihre bedruckten Servietten schnell und einfach<\/h2>\n<p><\/p>\n<p>Wollen Sie Ihre Tischdekoration personalisieren und Servietten mit Ihrem Logo bedrucken lassen? <a href=\"https:\/\/www.mkprinting.nl\/de\/kontakt\/\">Kontaktieren<\/a> Sie uns noch heute f\u00fcr weitere Informationen oder fordern Sie ein unverbindliches <a href=\"https:\/\/www.mkprinting.nl\/de\/angebot-anfordern\/\">Angebot<\/a> an. Unser Team ber\u00e4t und unterst\u00fctzt Sie gerne bei der Realisierung der perfekten Servietten f\u00fcr Ihren Gastronomiebetrieb oder Ihr Event.<\/p>\n<p>[\/et_pb_text][et_pb_button button_url=&#8220;@ET-DC@eyJkeW5hbWljIjp0cnVlLCJjb250ZW50IjoicG9zdF9saW5rX3VybF9wYWdlIiwic2V0dGluZ3MiOnsicG9zdF9pZCI6IjQ1NSJ9fQ==@&#8220; button_text=&#8220;Ma\u00dfgeschneidertes Angebot&#8220; button_alignment=&#8220;left&#8220; _builder_version=&#8220;4.27.4&#8243; _dynamic_attributes=&#8220;button_url&#8220; _module_preset=&#8220;default&#8220; custom_button=&#8220;on&#8220; button_text_size=&#8220;22px&#8220; global_colors_info=&#8220;{}&#8220;][\/et_pb_button][\/et_pb_column][\/et_pb_row][\/et_pb_section][et_pb_section fb_built=&#8220;1&#8243; custom_padding_last_edited=&#8220;on|desktop&#8220; module_class=&#8220;dh-valign-center-section&#8220; _builder_version=&#8220;4.27.4&#8243; _module_preset=&#8220;default&#8220; background_color=&#8220;rgba(0,0,0,0.6)&#8220; background_image=&#8220;https:\/\/www.mkprinting.nl\/wp-content\/uploads\/2025\/02\/mkprinting-header-home-01.jpg&#8220; parallax=&#8220;on&#8220; background_blend=&#8220;multiply&#8220; min_height=&#8220;400px&#8220; custom_padding=&#8220;10vh||10vh||false|false&#8220; custom_padding_tablet=&#8220;||||false|false&#8220; custom_padding_phone=&#8220;5vh||5vh||false|false&#8220; global_colors_info=&#8220;{}&#8220;][et_pb_row _builder_version=&#8220;4.27.4&#8243; _module_preset=&#8220;default&#8220; background_color=&#8220;rgba(0,30,63,0.7)&#8220; custom_margin=&#8220;0px||0px||false|false&#8220; custom_padding=&#8220;5vh||10px||false|false&#8220; border_radii=&#8220;off|20px|20px||&#8220; global_colors_info=&#8220;{}&#8220;][et_pb_column type=&#8220;4_4&#8243; _builder_version=&#8220;4.27.4&#8243; _module_preset=&#8220;default&#8220; global_colors_info=&#8220;{}&#8220;][et_pb_text _builder_version=&#8220;4.27.4&#8243; _module_preset=&#8220;default&#8220; text_orientation=&#8220;center&#8220; background_layout=&#8220;dark&#8220; header_2_font_size_last_edited=&#8220;off|desktop&#8220; header_2_text_shadow_style=&#8220;preset2&#8243; global_colors_info=&#8220;{}&#8220;]<\/p>\n<h2>MK Printing ist der ideale Partner f\u00fcr:<\/h2>\n<p>[\/et_pb_text][\/et_pb_column][\/et_pb_row][et_pb_row column_structure=&#8220;1_5,1_5,1_5,1_5,1_5&#8243; _builder_version=&#8220;4.27.4&#8243; _module_preset=&#8220;default&#8220; background_color=&#8220;rgba(0,30,63,0.7)&#8220; custom_margin=&#8220;0px||0px||false|false&#8220; custom_padding=&#8220;||5vh||false|false&#8220; border_radii=&#8220;off|||20px|20px&#8220; global_colors_info=&#8220;{}&#8220;][et_pb_column type=&#8220;1_5&#8243; _builder_version=&#8220;4.27.4&#8243; _module_preset=&#8220;default&#8220; global_colors_info=&#8220;{}&#8220;][et_pb_blurb title=&#8220;Restaurants&#8220; use_icon=&#8220;on&#8220; font_icon=&#8220;&#xf2e7;||fa||900&#8243; icon_color=&#8220;#D6CCB0&#8243; _builder_version=&#8220;4.27.4&#8243; _module_preset=&#8220;default&#8220; header_level=&#8220;h3&#8243; header_text_color=&#8220;#FFFFFF&#8220; header_font_size=&#8220;26px&#8220; text_orientation=&#8220;center&#8220; background_layout=&#8220;dark&#8220; animation=&#8220;off&#8220; global_colors_info=&#8220;{}&#8220;][\/et_pb_blurb][\/et_pb_column][et_pb_column type=&#8220;1_5&#8243; _builder_version=&#8220;4.27.4&#8243; _module_preset=&#8220;default&#8220; global_colors_info=&#8220;{}&#8220;][et_pb_blurb title=&#8220;Cafetarias&#8220; use_icon=&#8220;on&#8220; font_icon=&#8220;&#xf805;||fa||900&#8243; icon_color=&#8220;#D6CCB0&#8243; _builder_version=&#8220;4.27.4&#8243; _module_preset=&#8220;default&#8220; header_level=&#8220;h3&#8243; header_text_color=&#8220;#FFFFFF&#8220; header_font_size=&#8220;26px&#8220; text_orientation=&#8220;center&#8220; background_layout=&#8220;dark&#8220; animation=&#8220;off&#8220; global_colors_info=&#8220;{}&#8220;][\/et_pb_blurb][\/et_pb_column][et_pb_column type=&#8220;1_5&#8243; _builder_version=&#8220;4.27.4&#8243; _module_preset=&#8220;default&#8220; global_colors_info=&#8220;{}&#8220;][et_pb_blurb title=&#8220;Bistros&#8220; use_icon=&#8220;on&#8220; font_icon=&#8220;&#xf79f;||fa||900&#8243; icon_color=&#8220;#D6CCB0&#8243; _builder_version=&#8220;4.27.4&#8243; _module_preset=&#8220;default&#8220; header_level=&#8220;h3&#8243; header_text_color=&#8220;#FFFFFF&#8220; header_font_size=&#8220;26px&#8220; text_orientation=&#8220;center&#8220; background_layout=&#8220;dark&#8220; animation=&#8220;off&#8220; global_colors_info=&#8220;{}&#8220;][\/et_pb_blurb][\/et_pb_column][et_pb_column type=&#8220;1_5&#8243; _builder_version=&#8220;4.27.4&#8243; _module_preset=&#8220;default&#8220; global_colors_info=&#8220;{}&#8220;][et_pb_blurb title=&#8220;Take away&#039;s&#8220; use_icon=&#8220;on&#8220; font_icon=&#8220;&#xf54e;||fa||900&#8243; icon_color=&#8220;#D6CCB0&#8243; _builder_version=&#8220;4.27.4&#8243; _module_preset=&#8220;default&#8220; header_level=&#8220;h3&#8243; header_text_color=&#8220;#FFFFFF&#8220; header_font_size=&#8220;26px&#8220; text_orientation=&#8220;center&#8220; background_layout=&#8220;dark&#8220; animation=&#8220;off&#8220; global_colors_info=&#8220;{}&#8220;][\/et_pb_blurb][\/et_pb_column][et_pb_column type=&#8220;1_5&#8243; _builder_version=&#8220;4.27.4&#8243; _module_preset=&#8220;default&#8220; global_colors_info=&#8220;{}&#8220;][et_pb_blurb title=&#8220;Caterer&#8220; use_icon=&#8220;on&#8220; font_icon=&#8220;&#xf794;||fa||900&#8243; icon_color=&#8220;#D6CCB0&#8243; _builder_version=&#8220;4.27.4&#8243; _module_preset=&#8220;default&#8220; header_level=&#8220;h3&#8243; header_text_color=&#8220;#FFFFFF&#8220; header_font_size=&#8220;26px&#8220; text_orientation=&#8220;center&#8220; background_layout=&#8220;dark&#8220; animation=&#8220;off&#8220; global_colors_info=&#8220;{}&#8220;][\/et_pb_blurb][\/et_pb_column][\/et_pb_row][\/et_pb_section]<\/p>\n","protected":false},"excerpt":{"rendered":"<p>Servietten mit Ihrem Logo oder Text bedruckenM\u00f6chten Sie Ihrem Gastronomiebetrieb oder Ihrer Veranstaltung einen professionellen und pers\u00f6nlichen Look verleihen? Bei MK Printing bieten wir Ihnen die M\u00f6glichkeit, Servietten mit Ihrem eigenen Logo oder Design zu bedrucken. Dies tr\u00e4gt nicht nur zu einem einladend gedeckten Tisch bei, sondern st\u00e4rkt auch die Wiedererkennbarkeit Ihrer Marke bei Ihren [&hellip;]<\/p>\n","protected":false},"author":2,"featured_media":0,"parent":0,"menu_order":0,"comment_status":"closed","ping_status":"closed","template":"","meta":{"_et_pb_use_builder":"on","_et_pb_old_content":"","_et_gb_content_width":"","footnotes":""},"class_list":["post-959","page","type-page","status-publish","hentry"],"yoast_head":"<!-- This site is optimized with the Yoast SEO plugin v27.5 - https:\/\/yoast.com\/product\/yoast-seo-wordpress\/ -->\n<title>Servietten mit Logo oder Text bedrucken | MK Printing<\/title>\n<meta name=\"description\" content=\"Lassen Sie Servietten f\u00fcr eine professionelle Tischdekoration mit Ihrem Logo bedrucken. Hohe Qualit\u00e4t, verschiedene Gr\u00f6\u00dfen, schnelle Lieferung. Fordern Sie ein Angebot an.\" \/>\n<meta name=\"robots\" content=\"index, follow, max-snippet:-1, max-image-preview:large, max-video-preview:-1\" \/>\n<link rel=\"canonical\" href=\"https:\/\/www.mkprinting.nl\/de\/servietten-bedrucken\/\" \/>\n<meta property=\"og:locale\" content=\"de_DE\" \/>\n<meta property=\"og:type\" content=\"article\" \/>\n<meta property=\"og:title\" content=\"Servietten mit Logo oder Text bedrucken | MK Printing\" \/>\n<meta property=\"og:description\" content=\"Lassen Sie Servietten f\u00fcr eine professionelle Tischdekoration mit Ihrem Logo bedrucken. Hohe Qualit\u00e4t, verschiedene Gr\u00f6\u00dfen, schnelle Lieferung. Fordern Sie ein Angebot an.\" \/>\n<meta property=\"og:url\" content=\"https:\/\/www.mkprinting.nl\/de\/servietten-bedrucken\/\" \/>\n<meta property=\"og:site_name\" content=\"MK Printing\" \/>\n<meta property=\"article:modified_time\" content=\"2025-04-18T08:25:14+00:00\" \/>\n<meta name=\"twitter:card\" content=\"summary_large_image\" \/>\n<meta name=\"twitter:label1\" content=\"Gesch\u00e4tzte Lesezeit\" \/>\n\t<meta name=\"twitter:data1\" content=\"9\u00a0Minuten\" \/>\n<script type=\"application\/ld+json\" class=\"yoast-schema-graph\">{\"@context\":\"https:\\\/\\\/schema.org\",\"@graph\":[{\"@type\":\"WebPage\",\"@id\":\"https:\\\/\\\/www.mkprinting.nl\\\/de\\\/servietten-bedrucken\\\/\",\"url\":\"https:\\\/\\\/www.mkprinting.nl\\\/de\\\/servietten-bedrucken\\\/\",\"name\":\"Servietten mit Logo oder Text bedrucken | MK Printing\",\"isPartOf\":{\"@id\":\"https:\\\/\\\/www.mkprinting.nl\\\/de\\\/#website\"},\"datePublished\":\"2025-03-19T09:52:24+00:00\",\"dateModified\":\"2025-04-18T08:25:14+00:00\",\"description\":\"Lassen Sie Servietten f\u00fcr eine professionelle Tischdekoration mit Ihrem Logo bedrucken. Hohe Qualit\u00e4t, verschiedene Gr\u00f6\u00dfen, schnelle Lieferung. Fordern Sie ein Angebot an.\",\"breadcrumb\":{\"@id\":\"https:\\\/\\\/www.mkprinting.nl\\\/de\\\/servietten-bedrucken\\\/#breadcrumb\"},\"inLanguage\":\"de\",\"potentialAction\":[{\"@type\":\"ReadAction\",\"target\":[\"https:\\\/\\\/www.mkprinting.nl\\\/de\\\/servietten-bedrucken\\\/\"]}]},{\"@type\":\"BreadcrumbList\",\"@id\":\"https:\\\/\\\/www.mkprinting.nl\\\/de\\\/servietten-bedrucken\\\/#breadcrumb\",\"itemListElement\":[{\"@type\":\"ListItem\",\"position\":1,\"name\":\"Home\",\"item\":\"https:\\\/\\\/www.mkprinting.nl\\\/de\\\/\"},{\"@type\":\"ListItem\",\"position\":2,\"name\":\"Servietten bedrucken\"}]},{\"@type\":\"WebSite\",\"@id\":\"https:\\\/\\\/www.mkprinting.nl\\\/de\\\/#website\",\"url\":\"https:\\\/\\\/www.mkprinting.nl\\\/de\\\/\",\"name\":\"MK Printing\",\"description\":\"Specialist in bedrukte bestekzakjes en pochettes uit Ede\",\"publisher\":{\"@id\":\"https:\\\/\\\/www.mkprinting.nl\\\/de\\\/#organization\"},\"potentialAction\":[{\"@type\":\"SearchAction\",\"target\":{\"@type\":\"EntryPoint\",\"urlTemplate\":\"https:\\\/\\\/www.mkprinting.nl\\\/de\\\/?s={search_term_string}\"},\"query-input\":{\"@type\":\"PropertyValueSpecification\",\"valueRequired\":true,\"valueName\":\"search_term_string\"}}],\"inLanguage\":\"de\"},{\"@type\":\"Organization\",\"@id\":\"https:\\\/\\\/www.mkprinting.nl\\\/de\\\/#organization\",\"name\":\"MK Printing\",\"url\":\"https:\\\/\\\/www.mkprinting.nl\\\/de\\\/\",\"logo\":{\"@type\":\"ImageObject\",\"inLanguage\":\"de\",\"@id\":\"https:\\\/\\\/www.mkprinting.nl\\\/de\\\/#\\\/schema\\\/logo\\\/image\\\/\",\"url\":\"https:\\\/\\\/www.mkprinting.nl\\\/wp-content\\\/uploads\\\/2025\\\/02\\\/mkprinting-2025-weblogo-v2.png\",\"contentUrl\":\"https:\\\/\\\/www.mkprinting.nl\\\/wp-content\\\/uploads\\\/2025\\\/02\\\/mkprinting-2025-weblogo-v2.png\",\"width\":600,\"height\":520,\"caption\":\"MK Printing\"},\"image\":{\"@id\":\"https:\\\/\\\/www.mkprinting.nl\\\/de\\\/#\\\/schema\\\/logo\\\/image\\\/\"}}]}<\/script>\n<!-- \/ Yoast SEO plugin. -->","yoast_head_json":{"title":"Servietten mit Logo oder Text bedrucken | MK Printing","description":"Lassen Sie Servietten f\u00fcr eine professionelle Tischdekoration mit Ihrem Logo bedrucken. Hohe Qualit\u00e4t, verschiedene Gr\u00f6\u00dfen, schnelle Lieferung. Fordern Sie ein Angebot an.","robots":{"index":"index","follow":"follow","max-snippet":"max-snippet:-1","max-image-preview":"max-image-preview:large","max-video-preview":"max-video-preview:-1"},"canonical":"https:\/\/www.mkprinting.nl\/de\/servietten-bedrucken\/","og_locale":"de_DE","og_type":"article","og_title":"Servietten mit Logo oder Text bedrucken | MK Printing","og_description":"Lassen Sie Servietten f\u00fcr eine professionelle Tischdekoration mit Ihrem Logo bedrucken. Hohe Qualit\u00e4t, verschiedene Gr\u00f6\u00dfen, schnelle Lieferung. Fordern Sie ein Angebot an.","og_url":"https:\/\/www.mkprinting.nl\/de\/servietten-bedrucken\/","og_site_name":"MK Printing","article_modified_time":"2025-04-18T08:25:14+00:00","twitter_card":"summary_large_image","twitter_misc":{"Gesch\u00e4tzte Lesezeit":"9\u00a0Minuten"},"schema":{"@context":"https:\/\/schema.org","@graph":[{"@type":"WebPage","@id":"https:\/\/www.mkprinting.nl\/de\/servietten-bedrucken\/","url":"https:\/\/www.mkprinting.nl\/de\/servietten-bedrucken\/","name":"Servietten mit Logo oder Text bedrucken | MK Printing","isPartOf":{"@id":"https:\/\/www.mkprinting.nl\/de\/#website"},"datePublished":"2025-03-19T09:52:24+00:00","dateModified":"2025-04-18T08:25:14+00:00","description":"Lassen Sie Servietten f\u00fcr eine professionelle Tischdekoration mit Ihrem Logo bedrucken. Hohe Qualit\u00e4t, verschiedene Gr\u00f6\u00dfen, schnelle Lieferung. Fordern Sie ein Angebot an.","breadcrumb":{"@id":"https:\/\/www.mkprinting.nl\/de\/servietten-bedrucken\/#breadcrumb"},"inLanguage":"de","potentialAction":[{"@type":"ReadAction","target":["https:\/\/www.mkprinting.nl\/de\/servietten-bedrucken\/"]}]},{"@type":"BreadcrumbList","@id":"https:\/\/www.mkprinting.nl\/de\/servietten-bedrucken\/#breadcrumb","itemListElement":[{"@type":"ListItem","position":1,"name":"Home","item":"https:\/\/www.mkprinting.nl\/de\/"},{"@type":"ListItem","position":2,"name":"Servietten bedrucken"}]},{"@type":"WebSite","@id":"https:\/\/www.mkprinting.nl\/de\/#website","url":"https:\/\/www.mkprinting.nl\/de\/","name":"MK Printing","description":"Specialist in bedrukte bestekzakjes en pochettes uit Ede","publisher":{"@id":"https:\/\/www.mkprinting.nl\/de\/#organization"},"potentialAction":[{"@type":"SearchAction","target":{"@type":"EntryPoint","urlTemplate":"https:\/\/www.mkprinting.nl\/de\/?s={search_term_string}"},"query-input":{"@type":"PropertyValueSpecification","valueRequired":true,"valueName":"search_term_string"}}],"inLanguage":"de"},{"@type":"Organization","@id":"https:\/\/www.mkprinting.nl\/de\/#organization","name":"MK Printing","url":"https:\/\/www.mkprinting.nl\/de\/","logo":{"@type":"ImageObject","inLanguage":"de","@id":"https:\/\/www.mkprinting.nl\/de\/#\/schema\/logo\/image\/","url":"https:\/\/www.mkprinting.nl\/wp-content\/uploads\/2025\/02\/mkprinting-2025-weblogo-v2.png","contentUrl":"https:\/\/www.mkprinting.nl\/wp-content\/uploads\/2025\/02\/mkprinting-2025-weblogo-v2.png","width":600,"height":520,"caption":"MK Printing"},"image":{"@id":"https:\/\/www.mkprinting.nl\/de\/#\/schema\/logo\/image\/"}}]}},"_links":{"self":[{"href":"https:\/\/www.mkprinting.nl\/de\/wp-json\/wp\/v2\/pages\/959","targetHints":{"allow":["GET"]}}],"collection":[{"href":"https:\/\/www.mkprinting.nl\/de\/wp-json\/wp\/v2\/pages"}],"about":[{"href":"https:\/\/www.mkprinting.nl\/de\/wp-json\/wp\/v2\/types\/page"}],"author":[{"embeddable":true,"href":"https:\/\/www.mkprinting.nl\/de\/wp-json\/wp\/v2\/users\/2"}],"replies":[{"embeddable":true,"href":"https:\/\/www.mkprinting.nl\/de\/wp-json\/wp\/v2\/comments?post=959"}],"version-history":[{"count":0,"href":"https:\/\/www.mkprinting.nl\/de\/wp-json\/wp\/v2\/pages\/959\/revisions"}],"wp:attachment":[{"href":"https:\/\/www.mkprinting.nl\/de\/wp-json\/wp\/v2\/media?parent=959"}],"curies":[{"name":"wp","href":"https:\/\/api.w.org\/{rel}","templated":true}]}}